{"id":263,"date":"2024-09-19T16:39:05","date_gmt":"2024-09-19T19:39:05","guid":{"rendered":"https:\/\/oloapp.site\/?page_id=263"},"modified":"2024-09-19T17:43:02","modified_gmt":"2024-09-19T20:43:02","slug":"app-gestion-de-archivo","status":"publish","type":"page","link":"https:\/\/oloapp.site\/index.php\/app-gestion-de-archivo\/","title":{"rendered":"App Gestion de Archivo"},"content":{"rendered":"\n<div class=\"wp-block-uagb-container uagb-block-jbfyogrl alignfull uagb-is-root-container\"><div class=\"uagb-container-inner-blocks-wrap\">\n<div class=\"wp-block-uagb-info-box uagb-block-avfhhqzg uagb-infobox__content-wrap  uagb-infobox-icon-above-title uagb-infobox-image-valign-top\"><div class=\"uagb-ifb-content\"><div class=\"uagb-ifb-title-wrap\"><p class=\"uagb-ifb-title-prefix\">DIGITALALIZA TUS COMPROBANTES<\/p><h1 class=\"uagb-ifb-title\">App M\u00f3vil de Gesti\u00f3n de Cajas y Comprobantes<\/h1><\/div><p class=\"uagb-ifb-desc\">Nuestra App M\u00f3vil es una soluci\u00f3n integral dise\u00f1ada para simplificar la gesti\u00f3n de comprobantes digitales y el control de cajas en tu negocio. Con una interfaz intuitiva y funcionalidades potentes, esta app te permite digitalizar, organizar y controlar todos tus documentos financieros de manera eficiente.<\/p><\/div><\/div>\n<\/div><\/div>\n\n\n\n<div class=\"wp-block-columns is-layout-flex wp-container-core-columns-layout-1 wp-block-columns-is-layout-flex\">\n<div class=\"wp-block-column is-layout-flow wp-block-column-is-layout-flow\" style=\"flex-basis:100%\">\n<figure class=\"wp-block-embed aligncenter is-type-wp-embed is-provider-streamable wp-block-embed-streamable\">\n<iframe class=\"wp-embedded-content\" sandbox=\"allow-scripts\" security=\"restricted\" title=\"AppGestionArchivo\" src=\"https:\/\/streamable.com\/o\/qum45q#?secret=LVJwl708Be\" data-secret=\"LVJwl708Be\" frameborder=\"0\" scrolling=\"no\" width=\"720\" height=\"1280\"><\/iframe>\n<\/figure>\n<\/div>\n<\/div>\n\n\n\n<div class=\"wp-block-uagb-container uagb-block-jycsyxng alignfull uagb-is-root-container\"><div class=\"uagb-container-inner-blocks-wrap\">\n<div class=\"wp-block-uagb-info-box uagb-block-wvqnpcf8 uagb-infobox__content-wrap  uagb-infobox-icon-above-title uagb-infobox-image-valign-top wp-block-uagb-info-box--has-margin\"><div class=\"uagb-infobox-margin-wrapper\"><div class=\"uagb-ifb-content\"><div class=\"uagb-ifb-title-wrap\"><h2 class=\"uagb-ifb-title\">CARACTERISTICAS PRINCIPALES<\/h2><\/div><\/div><\/div><\/div>\n\n\n\n<div class=\"wp-block-uagb-container uagb-block-ihsbhjcz\">\n<div class=\"wp-block-uagb-container uagb-block-00es5fqj\">\n<div class=\"wp-block-uagb-info-box uagb-block-32o0fif0 uagb-infobox__content-wrap  uagb-infobox-icon-above-title uagb-infobox-image-valign-top\"><div class=\"uagb-ifb-content\"><div class=\"uagb-ifb-icon-wrap\"><div class=\"uagb-iconbox-icon-wrap uagb-infobox-shape-circle\"><svg xmlns=\"https:\/\/www.w3.org\/2000\/svg\" viewBox=\"0 0 448 512\"><path d=\"M438.6 105.4C451.1 117.9 451.1 138.1 438.6 150.6L182.6 406.6C170.1 419.1 149.9 419.1 137.4 406.6L9.372 278.6C-3.124 266.1-3.124 245.9 9.372 233.4C21.87 220.9 42.13 220.9 54.63 233.4L159.1 338.7L393.4 105.4C405.9 92.88 426.1 92.88 438.6 105.4H438.6z\"><\/path><\/svg><\/div><\/div><div class=\"uagb-ifb-title-wrap\"><p class=\"uagb-ifb-title\"><strong>Digitalizaci\u00f3n R\u00e1pida<\/strong><\/p><\/div><p class=\"uagb-ifb-desc\">Toma fotos de tus comprobantes y convi\u00e9rtelos en archivos digitales en segundos.<br>Etiqueta y categoriza tus documentos para una b\u00fasqueda r\u00e1pida y sencilla.<\/p><\/div><\/div>\n<\/div>\n\n\n\n<div class=\"wp-block-uagb-container uagb-block-pmtkkxsa\">\n<div class=\"wp-block-uagb-info-box uagb-block-sf8ixjc8 uagb-infobox__content-wrap  uagb-infobox-icon-above-title uagb-infobox-image-valign-top\"><div class=\"uagb-ifb-content\"><div class=\"uagb-ifb-icon-wrap\"><div class=\"uagb-iconbox-icon-wrap uagb-infobox-shape-circle\"><svg xmlns=\"https:\/\/www.w3.org\/2000\/svg\" viewBox=\"0 0 448 512\"><path d=\"M438.6 105.4C451.1 117.9 451.1 138.1 438.6 150.6L182.6 406.6C170.1 419.1 149.9 419.1 137.4 406.6L9.372 278.6C-3.124 266.1-3.124 245.9 9.372 233.4C21.87 220.9 42.13 220.9 54.63 233.4L159.1 338.7L393.4 105.4C405.9 92.88 426.1 92.88 438.6 105.4H438.6z\"><\/path><\/svg><\/div><\/div><div class=\"uagb-ifb-title-wrap\"><p class=\"uagb-ifb-title\"><strong>Control de Cajas<\/strong><\/p><\/div><p class=\"uagb-ifb-desc\">Registra ingresos y egresos en tiempo real.<br>Lleva un seguimiento detallado del flujo de efectivo.<\/p><\/div><\/div>\n<\/div>\n\n\n\n<div class=\"wp-block-uagb-container uagb-block-fpyhe1eu\">\n<div class=\"wp-block-uagb-info-box uagb-block-3whkmiv1 uagb-infobox__content-wrap  uagb-infobox-icon-above-title uagb-infobox-image-valign-top\"><div class=\"uagb-ifb-content\"><div class=\"uagb-ifb-icon-wrap\"><div class=\"uagb-iconbox-icon-wrap uagb-infobox-shape-circle\"><svg xmlns=\"https:\/\/www.w3.org\/2000\/svg\" viewBox=\"0 0 448 512\"><path d=\"M438.6 105.4C451.1 117.9 451.1 138.1 438.6 150.6L182.6 406.6C170.1 419.1 149.9 419.1 137.4 406.6L9.372 278.6C-3.124 266.1-3.124 245.9 9.372 233.4C21.87 220.9 42.13 220.9 54.63 233.4L159.1 338.7L393.4 105.4C405.9 92.88 426.1 92.88 438.6 105.4H438.6z\"><\/path><\/svg><\/div><\/div><div class=\"uagb-ifb-title-wrap\"><p class=\"uagb-ifb-title\"><strong>Reportes y An\u00e1lisis<\/strong><\/p><\/div><p class=\"uagb-ifb-desc\">Genera reportes detallados con gr\u00e1ficos y estad\u00edsticas.<br>Obt\u00e9n informaci\u00f3n valiosa para tomar decisiones informadas.<\/p><\/div><\/div>\n<\/div>\n\n\n\n<div class=\"wp-block-uagb-container uagb-block-gjpxqxh6\">\n<div class=\"wp-block-uagb-info-box uagb-block-wta8izif uagb-infobox__content-wrap  uagb-infobox-icon-above-title uagb-infobox-image-valign-top\"><div class=\"uagb-ifb-content\"><div class=\"uagb-ifb-icon-wrap\"><div class=\"uagb-iconbox-icon-wrap uagb-infobox-shape-circle\"><svg xmlns=\"https:\/\/www.w3.org\/2000\/svg\" viewBox=\"0 0 448 512\"><path d=\"M438.6 105.4C451.1 117.9 451.1 138.1 438.6 150.6L182.6 406.6C170.1 419.1 149.9 419.1 137.4 406.6L9.372 278.6C-3.124 266.1-3.124 245.9 9.372 233.4C21.87 220.9 42.13 220.9 54.63 233.4L159.1 338.7L393.4 105.4C405.9 92.88 426.1 92.88 438.6 105.4H438.6z\"><\/path><\/svg><\/div><\/div><div class=\"uagb-ifb-title-wrap\"><p class=\"uagb-ifb-title\"><strong>Seguridad y Acceso<\/strong><\/p><\/div><p class=\"uagb-ifb-desc\">Protege tus datos con medidas de seguridad avanzadas.<br>Restringe el acceso a la informaci\u00f3n solo a usuarios autorizados.<\/p><\/div><\/div>\n<\/div>\n<\/div>\n<\/div><\/div>\n\n\n\n<div class=\"wp-block-uagb-container uagb-block-2hx8vaxt alignfull uagb-is-root-container\"><div class=\"uagb-container-inner-blocks-wrap\">\n<div class=\"wp-block-uagb-container uagb-block-u3jjtwri\">\n<div class=\"wp-block-uagb-info-box uagb-block-zhbahnnz uagb-infobox__content-wrap  uagb-infobox-icon-above-title uagb-infobox-image-valign-top\"><div class=\"uagb-ifb-content\"><div class=\"uagb-ifb-title-wrap\"><h2 class=\"uagb-ifb-title\">BENEFICIOS<\/h2><\/div><\/div><\/div>\n\n\n\n<div class=\"wp-block-uagb-info-box uagb-block-oze1tbop uagb-infobox__content-wrap  uagb-infobox-icon-left-title uagb-infobox-left uagb-infobox-image-valign-top\"><div class=\"uagb-ifb-content\"><div class=\"uagb-ifb-left-title-image\"><div class=\"uagb-ifb-title-wrap\"><h3 class=\"uagb-ifb-title\"><strong>Eficiencia<\/strong><\/h3><\/div><\/div><p class=\"uagb-ifb-desc\">Reduce el uso de papel y ahorra tiempo en la gesti\u00f3n de documentos.<\/p><div class=\"uagb-ifb-separator\"><\/div><\/div><\/div>\n\n\n\n<div class=\"wp-block-uagb-info-box uagb-block-omxpqi74 uagb-infobox__content-wrap  uagb-infobox-icon-left-title uagb-infobox-left uagb-infobox-image-valign-top\"><div class=\"uagb-ifb-content\"><div class=\"uagb-ifb-left-title-image\"><div class=\"uagb-ifb-title-wrap\"><h3 class=\"uagb-ifb-title\"><strong>Precisi\u00f3n<\/strong><\/h3><\/div><\/div><p class=\"uagb-ifb-desc\">Minimiza errores al llevar un control detallado de las transacciones.<\/p><div class=\"uagb-ifb-separator\"><\/div><\/div><\/div>\n\n\n\n<div class=\"wp-block-uagb-info-box uagb-block-av2nf4lm uagb-infobox__content-wrap  uagb-infobox-icon-left-title uagb-infobox-left uagb-infobox-image-valign-top\"><div class=\"uagb-ifb-content\"><div class=\"uagb-ifb-left-title-image\"><div class=\"uagb-ifb-title-wrap\"><h3 class=\"uagb-ifb-title\"><strong>Transparencia<\/strong><\/h3><\/div><\/div><p class=\"uagb-ifb-desc\">Mejora la visibilidad financiera de tu negocio.<\/p><div class=\"uagb-ifb-separator\"><\/div><\/div><\/div>\n\n\n\n<div class=\"wp-block-uagb-info-box uagb-block-2b6cf27c uagb-infobox__content-wrap  uagb-infobox-icon-left-title uagb-infobox-left uagb-infobox-image-valign-top\"><div class=\"uagb-ifb-content\"><div class=\"uagb-ifb-left-title-image\"><div class=\"uagb-ifb-title-wrap\"><h3 class=\"uagb-ifb-title\"><strong>Portabilidad<\/strong><\/h3><\/div><\/div><p class=\"uagb-ifb-desc\">Accede a tus datos desde cualquier lugar y en cualquier momento.<\/p><div class=\"uagb-ifb-separator\"><\/div><\/div><\/div>\n<\/div>\n\n\n\n<div data-aos= \"fade-down\" data-aos-duration=\"400\" data-aos-delay=\"0\" data-aos-easing=\"ease\" data-aos-once=\"true\" class=\"wp-block-uagb-image aligncenter uagb-block-kczlsdry wp-block-uagb-image--layout-default wp-block-uagb-image--effect-static wp-block-uagb-image--align-center alignleft\"><figure class=\"wp-block-uagb-image__figure\"><img decoding=\"async\" srcset=\"https:\/\/oloapp.site\/wp-content\/uploads\/2024\/09\/99shots_so-1024x576.png ,https:\/\/oloapp.site\/wp-content\/uploads\/2024\/09\/99shots_so.png 780w, https:\/\/oloapp.site\/wp-content\/uploads\/2024\/09\/99shots_so.png 360w\" sizes=\"(max-width: 480px) 150px\" src=\"https:\/\/oloapp.site\/wp-content\/uploads\/2024\/09\/99shots_so-1024x576.png\" alt=\"\" class=\"uag-image-287\" width=\"566\" height=\"500\" title=\"99shots_so\" loading=\"lazy\" role=\"img\"\/><\/figure><\/div>\n<\/div><\/div>\n","protected":false},"excerpt":{"rendered":"","protected":false},"author":1,"featured_media":0,"parent":0,"menu_order":0,"comment_status":"closed","ping_status":"closed","template":"","meta":{"_uag_custom_page_level_css":"","site-sidebar-layout":"default","site-content-layout":"","ast-site-content-layout":"","site-content-style":"default","site-sidebar-style":"default","ast-global-header-display":"","ast-banner-title-visibility":"","ast-main-header-display":"","ast-hfb-above-header-display":"","ast-hfb-below-header-display":"","ast-hfb-mobile-header-display":"","site-post-title":"disabled","ast-breadcrumbs-content":"","ast-featured-img":"","footer-sml-layout":"","theme-transparent-header-meta":"","adv-header-id-meta":"","stick-header-meta":"","header-above-stick-meta":"","header-main-stick-meta":"","header-below-stick-meta":"","astra-migrate-meta-layouts":"default","ast-page-background-enabled":"default","ast-page-background-meta":{"desktop":{"background-color":"var(--ast-global-color-4)","background-image":"","background-repeat":"repeat","background-position":"center center","background-size":"auto","background-attachment":"scroll","background-type":"","background-media":"","overlay-type":"","overlay-color":"","overlay-gradient":""},"tablet":{"background-color":"","background-image":"","background-repeat":"repeat","background-position":"center center","background-size":"auto","background-attachment":"scroll","background-type":"","background-media":"","overlay-type":"","overlay-color":"","overlay-gradient":""},"mobile":{"background-color":"","background-image":"","background-repeat":"repeat","background-position":"center center","background-size":"auto","background-attachment":"scroll","background-type":"","background-media":"","overlay-type":"","overlay-color":"","overlay-gradient":""}},"ast-content-background-meta":{"desktop":{"background-color":"var(--ast-global-color-5)","background-image":"","background-repeat":"repeat","background-position":"center center","background-size":"auto","background-attachment":"scroll","background-type":"","background-media":"","overlay-type":"","overlay-color":"","overlay-gradient":""},"tablet":{"background-color":"var(--ast-global-color-5)","background-image":"","background-repeat":"repeat","background-position":"center center","background-size":"auto","background-attachment":"scroll","background-type":"","background-media":"","overlay-type":"","overlay-color":"","overlay-gradient":""},"mobile":{"background-color":"var(--ast-global-color-5)","background-image":"","background-repeat":"repeat","background-position":"center center","background-size":"auto","background-attachment":"scroll","background-type":"","background-media":"","overlay-type":"","overlay-color":"","overlay-gradient":""}},"footnotes":""},"uagb_featured_image_src":{"full":false,"thumbnail":false,"medium":false,"medium_large":false,"large":false,"1536x1536":false,"2048x2048":false},"uagb_author_info":{"display_name":"oloapp.site","author_link":"https:\/\/oloapp.site\/author\/oloapp-site\/"},"uagb_comment_info":0,"uagb_excerpt":null,"_links":{"self":[{"href":"https:\/\/oloapp.site\/index.php\/wp-json\/wp\/v2\/pages\/263"}],"collection":[{"href":"https:\/\/oloapp.site\/index.php\/wp-json\/wp\/v2\/pages"}],"about":[{"href":"https:\/\/oloapp.site\/index.php\/wp-json\/wp\/v2\/types\/page"}],"author":[{"embeddable":true,"href":"https:\/\/oloapp.site\/index.php\/wp-json\/wp\/v2\/users\/1"}],"replies":[{"embeddable":true,"href":"https:\/\/oloapp.site\/index.php\/wp-json\/wp\/v2\/comments?post=263"}],"version-history":[{"count":2,"href":"https:\/\/oloapp.site\/index.php\/wp-json\/wp\/v2\/pages\/263\/revisions"}],"predecessor-version":[{"id":288,"href":"https:\/\/oloapp.site\/index.php\/wp-json\/wp\/v2\/pages\/263\/revisions\/288"}],"wp:attachment":[{"href":"https:\/\/oloapp.site\/index.php\/wp-json\/wp\/v2\/media?parent=263"}],"curies":[{"name":"wp","href":"https:\/\/api.w.org\/{rel}","templated":true}]}}