{"id":280,"date":"2024-09-19T17:36:02","date_gmt":"2024-09-19T20:36:02","guid":{"rendered":"https:\/\/oloapp.site\/?page_id=280"},"modified":"2024-09-19T17:41:58","modified_gmt":"2024-09-19T20:41:58","slug":"app-movil-inmobiliaria","status":"publish","type":"page","link":"https:\/\/oloapp.site\/index.php\/app-movil-inmobiliaria\/","title":{"rendered":"App Bienes e Inmuebles"},"content":{"rendered":"\n<div class=\"wp-block-uagb-container uagb-block-iyljgnwl alignfull uagb-is-root-container\"><div class=\"uagb-container-inner-blocks-wrap\">\n<div class=\"wp-block-uagb-info-box uagb-block-xkc11gxd uagb-infobox__content-wrap  uagb-infobox-icon-above-title uagb-infobox-image-valign-top\"><div class=\"uagb-ifb-content\"><div class=\"uagb-ifb-title-wrap\"><p class=\"uagb-ifb-title-prefix\">SISTEMAS<\/p><h1 class=\"uagb-ifb-title\">APP BIENES E INMUEBLES<\/h1><\/div><p class=\"uagb-ifb-desc\">En el vertiginoso mundo de bienes ra\u00edces, la eficiencia y la organizaci\u00f3n son clave. Es por eso que hemos desarrollado una aplicaci\u00f3n que revolucionar\u00e1 la forma en que interact\u00faas con tus propiedades y clientes.<\/p><\/div><\/div>\n<\/div><\/div>\n\n\n\n<div class=\"wp-block-uagb-container uagb-block-3cmffwg0 alignfull uagb-is-root-container\"><div class=\"uagb-container-inner-blocks-wrap\">\n<div class=\"wp-block-uagb-info-box uagb-block-8spml7zv uagb-infobox__content-wrap  uagb-infobox-icon-above-title uagb-infobox-image-valign-top\"><div class=\"uagb-ifb-content\"><div class=\"uagb-ifb-title-wrap\"><p class=\"uagb-ifb-title-prefix\">app-m\u00f3vil<\/p><h2 class=\"uagb-ifb-title\">PRESENTACI\u00d3N<\/h2><\/div><p class=\"uagb-ifb-desc\">Nuestra App M\u00f3vil para Inmobiliarias es una herramienta innovadora dise\u00f1ada para simplificar y optimizar la gesti\u00f3n de propiedades, publicidad y reservas. Con una interfaz intuitiva y funcionalidades potentes, esta app permite a los agentes inmobiliarios y propietarios crear, administrar y promocionar propiedades de manera eficiente, al mismo tiempo que facilita la reserva y seguimiento de interesados. Adem\u00e1s, cuenta con un chat integrado que mejora la comunicaci\u00f3n y la experiencia del cliente.<\/p><\/div><\/div>\n\n\n\n<div class=\"wp-block-uagb-container uagb-block-kmod0p7o\">\n<div class=\"wp-block-uagb-container uagb-block-wjxysq88\">\n<div class=\"wp-block-uagb-container uagb-block-gbdvsgj9\">\n<div class=\"wp-block-uagb-advanced-heading uagb-block-qq5n72td\"><h3 class=\"uagb-heading-text\"><strong>Eficiencia Operativa:<\/strong><\/h3><\/div>\n<\/div>\n\n\n\n<div class=\"wp-block-uagb-container uagb-block-cqq9mjec\">\n<ul>\n<li>Simplifica la creaci\u00f3n y gesti\u00f3n de propiedades, reduciendo el tiempo y esfuerzo necesarios.<\/li>\n\n\n\n<li>Automatiza la publicidad y el seguimiento de reservas, mejorando la eficiencia operativa.<\/li>\n<\/ul>\n<\/div>\n<\/div>\n\n\n\n<div class=\"wp-block-uagb-container uagb-block-ykyuyvsq\">\n<div class=\"wp-block-uagb-container uagb-block-t81cdjvo\">\n<div class=\"wp-block-uagb-advanced-heading uagb-block-yyxwcysn\"><h3 class=\"uagb-heading-text\"><strong>Mayor Visibilidad:<\/strong><\/h3><\/div>\n<\/div>\n\n\n\n<div class=\"wp-block-uagb-container uagb-block-lity89zm\">\n<ul>\n<li>Ampl\u00eda la visibilidad de las propiedades a trav\u00e9s de m\u00faltiples canales de publicidad.<\/li>\n\n\n\n<li>Atrae m\u00e1s interesados y potenciales compradores o inquilinos.<\/li>\n<\/ul>\n<\/div>\n<\/div>\n\n\n\n<div class=\"wp-block-uagb-container uagb-block-d8fa241d\">\n<div class=\"wp-block-uagb-container uagb-block-77e52c43\">\n<div class=\"wp-block-uagb-advanced-heading uagb-block-41a23c01\"><h3 class=\"uagb-heading-text\"><strong><strong>Mejora en la Experiencia del Cliente:<\/strong><\/strong><\/h3><\/div>\n<\/div>\n\n\n\n<div class=\"wp-block-uagb-container uagb-block-88becf16\">\n<ul>\n<li>Facilita la reserva de visitas y proporciona informaci\u00f3n detallada, mejorando la experiencia del cliente.<\/li>\n\n\n\n<li>Env\u00eda notificaciones autom\u00e1ticas, manteniendo a los clientes informados y satisfechos.<\/li>\n\n\n\n<li>El chat integrado permite una comunicaci\u00f3n r\u00e1pida y efectiva, mejorando la satisfacci\u00f3n del cliente.<\/li>\n<\/ul>\n<\/div>\n<\/div>\n\n\n\n<div class=\"wp-block-uagb-container uagb-block-47f6d3f0\">\n<div class=\"wp-block-uagb-container uagb-block-5bd62224\">\n<div class=\"wp-block-uagb-advanced-heading uagb-block-14c8800f\"><h3 class=\"uagb-heading-text\"><strong><strong>Control y Seguimiento:<\/strong><\/strong><\/h3><\/div>\n<\/div>\n\n\n\n<div class=\"wp-block-uagb-container uagb-block-8b81bb37\">\n<ul>\n<li>Lleva un seguimiento detallado de las propiedades, reservas y clientes, proporcionando datos valiosos para la toma de decisiones.<\/li>\n\n\n\n<li>Mejora la organizaci\u00f3n y control de la gesti\u00f3n inmobiliaria.<\/li>\n<\/ul>\n<\/div>\n<\/div>\n\n\n\n<div class=\"wp-block-uagb-container uagb-block-2e4f937f\">\n<div class=\"wp-block-uagb-container uagb-block-16611935\">\n<div class=\"wp-block-uagb-advanced-heading uagb-block-698f2e26\"><h3 class=\"uagb-heading-text\"><strong><strong>Comunicaci\u00f3n Efectiva:<\/strong><\/strong><\/h3><\/div>\n<\/div>\n\n\n\n<div class=\"wp-block-uagb-container uagb-block-37109181\">\n<ul>\n<li>El chat integrado facilita la comunicaci\u00f3n en tiempo real, resolviendo dudas y proporcionando informaci\u00f3n adicional de manera eficiente.<\/li>\n\n\n\n<li>Mejora la interacci\u00f3n personalizada y la fidelizaci\u00f3n de clientes.<\/li>\n<\/ul>\n<\/div>\n<\/div>\n<\/div>\n<\/div><\/div>\n\n\n\n<figure class=\"wp-block-embed aligncenter is-type-wp-embed is-provider-streamable wp-block-embed-streamable\">\n<iframe class=\"wp-embedded-content\" sandbox=\"allow-scripts\" security=\"restricted\" title=\"App Inmobiliaria\" src=\"https:\/\/streamable.com\/o\/n2n5t3#?secret=rEChoHO4nw\" data-secret=\"rEChoHO4nw\" frameborder=\"0\" scrolling=\"no\" width=\"576\" height=\"1280\"><\/iframe>\n<\/figure>\n","protected":false},"excerpt":{"rendered":"<p>Eficiencia Operativa: Mayor Visibilidad: Mejora en la Experiencia del Cliente: Control y Seguimiento: Comunicaci\u00f3n Efectiva:<\/p>\n","protected":false},"author":1,"featured_media":0,"parent":0,"menu_order":0,"comment_status":"closed","ping_status":"closed","template":"","meta":{"_uag_custom_page_level_css":"","site-sidebar-layout":"default","site-content-layout":"","ast-site-content-layout":"","site-content-style":"default","site-sidebar-style":"default","ast-global-header-display":"","ast-banner-title-visibility":"","ast-main-header-display":"","ast-hfb-above-header-display":"","ast-hfb-below-header-display":"","ast-hfb-mobile-header-display":"","site-post-title":"disabled","ast-breadcrumbs-content":"","ast-featured-img":"","footer-sml-layout":"","theme-transparent-header-meta":"","adv-header-id-meta":"","stick-header-meta":"","header-above-stick-meta":"","header-main-stick-meta":"","header-below-stick-meta":"","astra-migrate-meta-layouts":"default","ast-page-background-enabled":"default","ast-page-background-meta":{"desktop":{"background-color":"var(--ast-global-color-4)","background-image":"","background-repeat":"repeat","background-position":"center center","background-size":"auto","background-attachment":"scroll","background-type":"","background-media":"","overlay-type":"","overlay-color":"","overlay-gradient":""},"tablet":{"background-color":"","background-image":"","background-repeat":"repeat","background-position":"center center","background-size":"auto","background-attachment":"scroll","background-type":"","background-media":"","overlay-type":"","overlay-color":"","overlay-gradient":""},"mobile":{"background-color":"","background-image":"","background-repeat":"repeat","background-position":"center center","background-size":"auto","background-attachment":"scroll","background-type":"","background-media":"","overlay-type":"","overlay-color":"","overlay-gradient":""}},"ast-content-background-meta":{"desktop":{"background-color":"var(--ast-global-color-5)","background-image":"","background-repeat":"repeat","background-position":"center center","background-size":"auto","background-attachment":"scroll","background-type":"","background-media":"","overlay-type":"","overlay-color":"","overlay-gradient":""},"tablet":{"background-color":"var(--ast-global-color-5)","background-image":"","background-repeat":"repeat","background-position":"center center","background-size":"auto","background-attachment":"scroll","background-type":"","background-media":"","overlay-type":"","overlay-color":"","overlay-gradient":""},"mobile":{"background-color":"var(--ast-global-color-5)","background-image":"","background-repeat":"repeat","background-position":"center center","background-size":"auto","background-attachment":"scroll","background-type":"","background-media":"","overlay-type":"","overlay-color":"","overlay-gradient":""}},"footnotes":""},"uagb_featured_image_src":{"full":false,"thumbnail":false,"medium":false,"medium_large":false,"large":false,"1536x1536":false,"2048x2048":false},"uagb_author_info":{"display_name":"oloapp.site","author_link":"https:\/\/oloapp.site\/author\/oloapp-site\/"},"uagb_comment_info":0,"uagb_excerpt":"Eficiencia Operativa: Mayor Visibilidad: Mejora en la Experiencia del Cliente: Control y Seguimiento: Comunicaci\u00f3n Efectiva:","_links":{"self":[{"href":"https:\/\/oloapp.site\/index.php\/wp-json\/wp\/v2\/pages\/280"}],"collection":[{"href":"https:\/\/oloapp.site\/index.php\/wp-json\/wp\/v2\/pages"}],"about":[{"href":"https:\/\/oloapp.site\/index.php\/wp-json\/wp\/v2\/types\/page"}],"author":[{"embeddable":true,"href":"https:\/\/oloapp.site\/index.php\/wp-json\/wp\/v2\/users\/1"}],"replies":[{"embeddable":true,"href":"https:\/\/oloapp.site\/index.php\/wp-json\/wp\/v2\/comments?post=280"}],"version-history":[{"count":3,"href":"https:\/\/oloapp.site\/index.php\/wp-json\/wp\/v2\/pages\/280\/revisions"}],"predecessor-version":[{"id":286,"href":"https:\/\/oloapp.site\/index.php\/wp-json\/wp\/v2\/pages\/280\/revisions\/286"}],"wp:attachment":[{"href":"https:\/\/oloapp.site\/index.php\/wp-json\/wp\/v2\/media?parent=280"}],"curies":[{"name":"wp","href":"https:\/\/api.w.org\/{rel}","templated":true}]}}