{"id":322,"date":"2024-09-21T13:38:52","date_gmt":"2024-09-21T16:38:52","guid":{"rendered":"https:\/\/oloapp.site\/?page_id=322"},"modified":"2024-09-21T13:41:24","modified_gmt":"2024-09-21T16:41:24","slug":"dashboard-tango-gestion","status":"publish","type":"page","link":"https:\/\/oloapp.site\/index.php\/dashboard-tango-gestion\/","title":{"rendered":"DashBoard TANGO GESTI\u00d3N"},"content":{"rendered":"\n<div class=\"wp-block-uagb-container uagb-block-gcul4mbz alignfull uagb-is-root-container\"><div class=\"uagb-container-inner-blocks-wrap\">\n<div class=\"wp-block-uagb-info-box uagb-block-7cmnlkzd uagb-infobox__content-wrap  uagb-infobox-icon-above-title uagb-infobox-image-valign-top\"><div class=\"uagb-ifb-content\"><div class=\"uagb-ifb-title-wrap\"><p class=\"uagb-ifb-title-prefix\">SERVICIO DE INFORMACI\u00d3N<\/p><h1 class=\"uagb-ifb-title\">PANEL O DASHBOARD<\/h1><\/div><p class=\"uagb-ifb-desc\">Bienvenidos al servicio de panel o dashboard del sistema Tango. Este servicio est\u00e1 dise\u00f1ado para proporcionar una interfaz intuitiva y personalizada que permita a los usuarios acceder a la informaci\u00f3n relevante de Tango Gesti\u00f3n de manera eficiente. A trav\u00e9s de varias pesta\u00f1as, consultas y m\u00f3dulos personalizados, los usuarios podr\u00e1n visualizar la informaci\u00f3n que necesitan seg\u00fan su rol dentro de la organizaci\u00f3n.<\/p><\/div><\/div>\n<\/div><\/div>\n\n\n\n<figure class=\"wp-block-embed aligncenter is-type-wp-embed is-provider-streamable wp-block-embed-streamable\">\n<iframe class=\"wp-embedded-content\" sandbox=\"allow-scripts\" security=\"restricted\" title=\"DASHBOARD TANGO\" src=\"https:\/\/streamable.com\/o\/xoinof#?secret=TiRtH9yhWx\" data-secret=\"TiRtH9yhWx\" frameborder=\"0\" scrolling=\"no\" width=\"944\" height=\"720\"><\/iframe>\n<\/figure>\n\n\n\n<div class=\"wp-block-uagb-container uagb-block-mmfdohj7 alignfull uagb-is-root-container\"><div class=\"uagb-container-inner-blocks-wrap\">\n<div class=\"wp-block-uagb-info-box uagb-block-eui7uojt uagb-infobox__content-wrap  uagb-infobox-icon-above-title uagb-infobox-image-valign-top\"><div class=\"uagb-ifb-content\"><div class=\"uagb-ifb-title-wrap\"><h2 class=\"uagb-ifb-title\">Pesta\u00f1as y M\u00f3dulos Personalizados<\/h2><\/div><p class=\"uagb-ifb-desc\"><strong>Adaptados a los Requerimientos \u00danicos de Tu Empresa<\/strong><\/p><\/div><\/div>\n\n\n\n<div class=\"wp-block-uagb-container uagb-layout-grid uagb-block-euquovcx\">\n<div class=\"wp-block-uagb-container uagb-block-x6ipk96j\">\n<div class=\"wp-block-uagb-info-box uagb-block-zwzydgpg uagb-infobox__content-wrap  uagb-infobox-icon-above-title uagb-infobox-image-valign-top\"><div class=\"uagb-ifb-content\"><div class=\"uagb-ifb-title-wrap\"><p class=\"uagb-ifb-title-prefix\">01<\/p><h3 class=\"uagb-ifb-title\"><strong>Pesta\u00f1a de Resumen General<\/strong><\/h3><\/div><p class=\"uagb-ifb-desc\"><strong>Descripci\u00f3n:<\/strong>&nbsp;Muestra un resumen de las principales m\u00e9tricas y un resumen en formato Gr\u00e1fico.<br><strong>Informaci\u00f3n:<\/strong>&nbsp;Ventas totales, compras, flujo de caja, estado de cuentas, etc.<br><strong>Acceso:<\/strong>&nbsp;Disponible para todos los usuarios.<\/p><\/div><\/div>\n<\/div>\n\n\n\n<div class=\"wp-block-uagb-container uagb-block-gmmj4gwj\">\n<div class=\"wp-block-uagb-info-box uagb-block-x2faaeky uagb-infobox__content-wrap  uagb-infobox-icon-above-title uagb-infobox-image-valign-top\"><div class=\"uagb-ifb-content\"><div class=\"uagb-ifb-title-wrap\"><p class=\"uagb-ifb-title-prefix\">02<\/p><h3 class=\"uagb-ifb-title\"><strong>Pesta\u00f1a de Compras<\/strong><\/h3><\/div><p class=\"uagb-ifb-desc\"><strong>Descripci\u00f3n:<\/strong>&nbsp;Detalles de las compras realizadas, pedidos pendientes, proveedores, etc.<br><strong>Informaci\u00f3n:<\/strong>&nbsp;Listado de compras, estado de pedidos, proveedores activos.<br><strong>Acceso:<\/strong>&nbsp;Solo para el jefe de compras y personal autorizado.<\/p><\/div><\/div>\n<\/div>\n\n\n\n<div class=\"wp-block-uagb-container uagb-block-eqqnyazh\">\n<div class=\"wp-block-uagb-info-box uagb-block-73flvgvw uagb-infobox__content-wrap  uagb-infobox-icon-above-title uagb-infobox-image-valign-top\"><div class=\"uagb-ifb-content\"><div class=\"uagb-ifb-title-wrap\"><p class=\"uagb-ifb-title-prefix\">03<\/p><h3 class=\"uagb-ifb-title\"><strong>Pesta\u00f1a de Ventas<\/strong><\/h3><\/div><p class=\"uagb-ifb-desc\"><strong>Descripci\u00f3n:<\/strong>&nbsp;Informaci\u00f3n sobre las ventas realizadas, clientes, facturas pendientes, etc.<br><strong>Informaci\u00f3n:<\/strong>&nbsp;Listado de ventas, estado de facturas, clientes activos.<br><strong>Acceso:<\/strong>&nbsp;Disponible para el equipo de ventas y gerencia.<\/p><\/div><\/div>\n<\/div>\n\n\n\n<div class=\"wp-block-uagb-container uagb-block-hy1uu9lj\">\n<div class=\"wp-block-uagb-info-box uagb-block-yuacmyjt uagb-infobox__content-wrap  uagb-infobox-icon-above-title uagb-infobox-image-valign-top\"><div class=\"uagb-ifb-content\"><div class=\"uagb-ifb-title-wrap\"><p class=\"uagb-ifb-title-prefix\">04<\/p><h3 class=\"uagb-ifb-title\"><strong>Pesta\u00f1a de Tesorer\u00eda<\/strong><\/h3><\/div><p class=\"uagb-ifb-desc\"><strong>Descripci\u00f3n:<\/strong>&nbsp;Detalles sobre el flujo de caja, cheques, pagos y cobros.<br><strong>Informaci\u00f3n:<\/strong>&nbsp;Listado de cheques entrantes, pagos pendientes, estado de cuentas bancarias.<br><strong>Acceso:<\/strong>&nbsp;Solo para el jefe de tesorer\u00eda y personal autorizado.<\/p><\/div><\/div>\n<\/div>\n\n\n\n<div class=\"wp-block-uagb-container uagb-block-14jm3onk\">\n<div class=\"wp-block-uagb-info-box uagb-block-tyt86koz uagb-infobox__content-wrap  uagb-infobox-icon-above-title uagb-infobox-image-valign-top\"><div class=\"uagb-ifb-content\"><div class=\"uagb-ifb-title-wrap\"><p class=\"uagb-ifb-title-prefix\">05<\/p><h3 class=\"uagb-ifb-title\"><strong>Pesta\u00f1a de Inventario<\/strong><\/h3><\/div><p class=\"uagb-ifb-desc\"><strong>Descripci\u00f3n:<\/strong>&nbsp;Informaci\u00f3n sobre el inventario actual, productos, stock, etc.<br><strong>Informaci\u00f3n:<\/strong>&nbsp;Listado de productos, stock disponible, alertas de stock bajo.<br><strong>Acceso:<\/strong>&nbsp;Disponible para el equipo de almac\u00e9n y gerencia.<\/p><\/div><\/div>\n<\/div>\n\n\n\n<div class=\"wp-block-uagb-container uagb-block-83098eb7\">\n<div class=\"wp-block-uagb-info-box uagb-block-0c9fef64 uagb-infobox__content-wrap  uagb-infobox-icon-above-title uagb-infobox-image-valign-top\"><div class=\"uagb-ifb-content\"><div class=\"uagb-ifb-title-wrap\"><p class=\"uagb-ifb-title-prefix\">06<\/p><h3 class=\"uagb-ifb-title\"><strong>Pesta\u00f1a de Totales<\/strong><\/h3><\/div><p class=\"uagb-ifb-desc\"><strong>Descripci\u00f3n:<\/strong>&nbsp;Visi\u00f3n general de tu empresa mediante montos totales clave.<br><strong>Informaci\u00f3n:<\/strong>&nbsp;Ventas totales, compras totales, flujo de caja, estados de cuenta, inventario total<br><strong>Acceso:<\/strong>&nbsp;Disponible para el equipo de administradores y gerencias<\/p><\/div><\/div>\n<\/div>\n<\/div>\n<\/div><\/div>\n\n\n\n<div class=\"wp-block-uagb-container uagb-block-2kdipwnr alignfull uagb-is-root-container\"><div class=\"uagb-container-inner-blocks-wrap\">\n<div class=\"wp-block-uagb-info-box uagb-block-dc8adxdl uagb-infobox__content-wrap  uagb-infobox-icon-above-title uagb-infobox-image-valign-top wp-block-uagb-info-box--has-margin\"><div class=\"uagb-infobox-margin-wrapper\"><div class=\"uagb-ifb-content\"><div class=\"uagb-ifb-title-wrap\"><\/div><p class=\"uagb-ifb-desc\">Con esta informaci\u00f3n centralizada y accesible, podr\u00e1s tomar decisiones informadas y estrat\u00e9gicas de manera m\u00e1s eficiente. Simplifica tu gesti\u00f3n y mant\u00e9n un control constante sobre el rendimiento general de tu empresa con nuestra Pesta\u00f1a de Totales.<\/p><\/div><\/div><\/div>\n<\/div><\/div>\n","protected":false},"excerpt":{"rendered":"","protected":false},"author":1,"featured_media":0,"parent":0,"menu_order":0,"comment_status":"closed","ping_status":"closed","template":"","meta":{"_uag_custom_page_level_css":"","site-sidebar-layout":"default","site-content-layout":"","ast-site-content-layout":"","site-content-style":"default","site-sidebar-style":"default","ast-global-header-display":"","ast-banner-title-visibility":"","ast-main-header-display":"","ast-hfb-above-header-display":"","ast-hfb-below-header-display":"","ast-hfb-mobile-header-display":"","site-post-title":"disabled","ast-breadcrumbs-content":"","ast-featured-img":"","footer-sml-layout":"","theme-transparent-header-meta":"","adv-header-id-meta":"","stick-header-meta":"","header-above-stick-meta":"","header-main-stick-meta":"","header-below-stick-meta":"","astra-migrate-meta-layouts":"default","ast-page-background-enabled":"default","ast-page-background-meta":{"desktop":{"background-color":"var(--ast-global-color-4)","background-image":"","background-repeat":"repeat","background-position":"center center","background-size":"auto","background-attachment":"scroll","background-type":"","background-media":"","overlay-type":"","overlay-color":"","overlay-gradient":""},"tablet":{"background-color":"","background-image":"","background-repeat":"repeat","background-position":"center center","background-size":"auto","background-attachment":"scroll","background-type":"","background-media":"","overlay-type":"","overlay-color":"","overlay-gradient":""},"mobile":{"background-color":"","background-image":"","background-repeat":"repeat","background-position":"center center","background-size":"auto","background-attachment":"scroll","background-type":"","background-media":"","overlay-type":"","overlay-color":"","overlay-gradient":""}},"ast-content-background-meta":{"desktop":{"background-color":"var(--ast-global-color-5)","background-image":"","background-repeat":"repeat","background-position":"center center","background-size":"auto","background-attachment":"scroll","background-type":"","background-media":"","overlay-type":"","overlay-color":"","overlay-gradient":""},"tablet":{"background-color":"var(--ast-global-color-5)","background-image":"","background-repeat":"repeat","background-position":"center center","background-size":"auto","background-attachment":"scroll","background-type":"","background-media":"","overlay-type":"","overlay-color":"","overlay-gradient":""},"mobile":{"background-color":"var(--ast-global-color-5)","background-image":"","background-repeat":"repeat","background-position":"center center","background-size":"auto","background-attachment":"scroll","background-type":"","background-media":"","overlay-type":"","overlay-color":"","overlay-gradient":""}},"footnotes":""},"uagb_featured_image_src":{"full":false,"thumbnail":false,"medium":false,"medium_large":false,"large":false,"1536x1536":false,"2048x2048":false},"uagb_author_info":{"display_name":"oloapp.site","author_link":"https:\/\/oloapp.site\/author\/oloapp-site\/"},"uagb_comment_info":0,"uagb_excerpt":null,"_links":{"self":[{"href":"https:\/\/oloapp.site\/index.php\/wp-json\/wp\/v2\/pages\/322"}],"collection":[{"href":"https:\/\/oloapp.site\/index.php\/wp-json\/wp\/v2\/pages"}],"about":[{"href":"https:\/\/oloapp.site\/index.php\/wp-json\/wp\/v2\/types\/page"}],"author":[{"embeddable":true,"href":"https:\/\/oloapp.site\/index.php\/wp-json\/wp\/v2\/users\/1"}],"replies":[{"embeddable":true,"href":"https:\/\/oloapp.site\/index.php\/wp-json\/wp\/v2\/comments?post=322"}],"version-history":[{"count":2,"href":"https:\/\/oloapp.site\/index.php\/wp-json\/wp\/v2\/pages\/322\/revisions"}],"predecessor-version":[{"id":326,"href":"https:\/\/oloapp.site\/index.php\/wp-json\/wp\/v2\/pages\/322\/revisions\/326"}],"wp:attachment":[{"href":"https:\/\/oloapp.site\/index.php\/wp-json\/wp\/v2\/media?parent=322"}],"curies":[{"name":"wp","href":"https:\/\/api.w.org\/{rel}","templated":true}]}}