{"id":330,"date":"2024-10-02T09:11:45","date_gmt":"2024-10-02T12:11:45","guid":{"rendered":"https:\/\/oloapp.site\/?page_id=330"},"modified":"2024-10-02T09:11:46","modified_gmt":"2024-10-02T12:11:46","slug":"app-asistente-de-pedidos-cotizacion","status":"publish","type":"page","link":"https:\/\/oloapp.site\/index.php\/app-asistente-de-pedidos-cotizacion\/","title":{"rendered":"App-Asistente de Pedidos\/Cotizaci\u00f3n"},"content":{"rendered":"\n<div class=\"wp-block-uagb-container uagb-block-zjillfal alignfull uagb-is-root-container\"><div class=\"uagb-container-inner-blocks-wrap\">\n<div class=\"wp-block-uagb-info-box uagb-block-zk0rt0c2 uagb-infobox__content-wrap  uagb-infobox-icon-above-title uagb-infobox-image-valign-top\"><div class=\"uagb-ifb-content\"><div class=\"uagb-ifb-title-wrap\"><p class=\"uagb-ifb-title-prefix\">HERRAMIENTAS MULTIPLES<\/p><h1 class=\"uagb-ifb-title\">APP-Asistente de Pedidos\/Cotizaci\u00f3n<\/h1><\/div><p class=\"uagb-ifb-desc\">\u00bfEst\u00e1s listo para llevar tu negocio al siguiente nivel? Con nuestro conjunto de herramientas, podr\u00e1s gestionar tus pedidos y cotizaciones de manera eficiente y sin complicaciones.<\/p><\/div><\/div>\n<\/div><\/div>\n\n\n\n<figure class=\"wp-block-embed aligncenter is-type-wp-embed is-provider-streamable wp-block-embed-streamable\">\n<iframe class=\"wp-embedded-content\" sandbox=\"allow-scripts\" security=\"restricted\" title=\"APP-PEDIDO\" src=\"https:\/\/streamable.com\/o\/x42jj5#?secret=Y31sNKqFTm\" data-secret=\"Y31sNKqFTm\" frameborder=\"0\" scrolling=\"no\" width=\"1280\" height=\"720\"><\/iframe>\n<\/figure>\n\n\n\n<div class=\"wp-block-uagb-container uagb-block-nbwqknjp alignfull uagb-is-root-container\"><div class=\"uagb-container-inner-blocks-wrap\">\n<div class=\"wp-block-uagb-info-box uagb-block-pbyfkwjs uagb-infobox__content-wrap  uagb-infobox-icon-above-title uagb-infobox-image-valign-top\"><div class=\"uagb-ifb-content\"><div class=\"uagb-ifb-title-wrap\"><h2 class=\"uagb-ifb-title\">BENEFICIOS<\/h2><\/div><p class=\"uagb-ifb-desc\">Con nuestro conjunto de herramientas, obtendr\u00e1s tres beneficios clave que transformar\u00e1n tu negocio:<\/p><\/div><\/div>\n\n\n\n<div class=\"wp-block-uagb-container uagb-block-ovuuik9n\">\n<div class=\"wp-block-uagb-container uagb-block-85patdid\">\n<div class=\"wp-block-uagb-info-box uagb-block-pcfrx5j5 uagb-infobox__content-wrap  uagb-infobox-icon-above-title uagb-infobox-image-valign-top\"><div class=\"uagb-ifb-content\"><div class=\"uagb-ifb-title-wrap\"><p class=\"uagb-ifb-title-prefix\">01<\/p><h3 class=\"uagb-ifb-title\">GESTI\u00d3N<\/h3><\/div><p class=\"uagb-ifb-desc\">Gestiona tus pedidos y cotizaciones desde cualquier lugar, en cualquier momento. Nuestra aplicaci\u00f3n m\u00f3vil te permite estar conectado y productivo, sin importar d\u00f3nde te encuentres.<\/p><\/div><\/div>\n<\/div>\n\n\n\n<div class=\"wp-block-uagb-container uagb-block-5nkvrsda\">\n<div class=\"wp-block-uagb-info-box uagb-block-o34amdek uagb-infobox__content-wrap  uagb-infobox-icon-above-title uagb-infobox-image-valign-top\"><div class=\"uagb-ifb-content\"><div class=\"uagb-ifb-title-wrap\"><p class=\"uagb-ifb-title-prefix\">02<\/p><h3 class=\"uagb-ifb-title\">EFICIENCIA<\/h3><\/div><p class=\"uagb-ifb-desc\">Aumenta la eficiencia de tu negocio al automatizar tareas repetitivas. Con nuestro asistente de carga autom\u00e1tica y masiva en Tango Gesti\u00f3n, podr\u00e1s cargar cotizaciones de manera r\u00e1pida y sin esfuerzo.<\/p><\/div><\/div>\n<\/div>\n\n\n\n<div class=\"wp-block-uagb-container uagb-block-dbrhjm24\">\n<div class=\"wp-block-uagb-info-box uagb-block-ffssekep uagb-infobox__content-wrap  uagb-infobox-icon-above-title uagb-infobox-image-valign-top\"><div class=\"uagb-ifb-content\"><div class=\"uagb-ifb-title-wrap\"><p class=\"uagb-ifb-title-prefix\">03<\/p><h3 class=\"uagb-ifb-title\"><strong>Reducci\u00f3n de errores<\/strong><\/h3><\/div><p class=\"uagb-ifb-desc\">Reduce los errores humanos al automatizar la carga de cotizaciones en Tango Gesti\u00f3n. Nuestro sistema garantiza precisi\u00f3n y consistencia, liber\u00e1ndote para enfocarte en lo que realmente importa: hacer crecer tu negocio.<\/p><\/div><\/div>\n<\/div>\n<\/div>\n<\/div><\/div>\n","protected":false},"excerpt":{"rendered":"","protected":false},"author":1,"featured_media":0,"parent":0,"menu_order":0,"comment_status":"closed","ping_status":"closed","template":"","meta":{"_uag_custom_page_level_css":"","site-sidebar-layout":"default","site-content-layout":"","ast-site-content-layout":"","site-content-style":"default","site-sidebar-style":"default","ast-global-header-display":"","ast-banner-title-visibility":"","ast-main-header-display":"","ast-hfb-above-header-display":"","ast-hfb-below-header-display":"","ast-hfb-mobile-header-display":"","site-post-title":"disabled","ast-breadcrumbs-content":"","ast-featured-img":"","footer-sml-layout":"","theme-transparent-header-meta":"","adv-header-id-meta":"","stick-header-meta":"","header-above-stick-meta":"","header-main-stick-meta":"","header-below-stick-meta":"","astra-migrate-meta-layouts":"default","ast-page-background-enabled":"default","ast-page-background-meta":{"desktop":{"background-color":"var(--ast-global-color-4)","background-image":"","background-repeat":"repeat","background-position":"center center","background-size":"auto","background-attachment":"scroll","background-type":"","background-media":"","overlay-type":"","overlay-color":"","overlay-gradient":""},"tablet":{"background-color":"","background-image":"","background-repeat":"repeat","background-position":"center center","background-size":"auto","background-attachment":"scroll","background-type":"","background-media":"","overlay-type":"","overlay-color":"","overlay-gradient":""},"mobile":{"background-color":"","background-image":"","background-repeat":"repeat","background-position":"center center","background-size":"auto","background-attachment":"scroll","background-type":"","background-media":"","overlay-type":"","overlay-color":"","overlay-gradient":""}},"ast-content-background-meta":{"desktop":{"background-color":"var(--ast-global-color-5)","background-image":"","background-repeat":"repeat","background-position":"center center","background-size":"auto","background-attachment":"scroll","background-type":"","background-media":"","overlay-type":"","overlay-color":"","overlay-gradient":""},"tablet":{"background-color":"var(--ast-global-color-5)","background-image":"","background-repeat":"repeat","background-position":"center center","background-size":"auto","background-attachment":"scroll","background-type":"","background-media":"","overlay-type":"","overlay-color":"","overlay-gradient":""},"mobile":{"background-color":"var(--ast-global-color-5)","background-image":"","background-repeat":"repeat","background-position":"center center","background-size":"auto","background-attachment":"scroll","background-type":"","background-media":"","overlay-type":"","overlay-color":"","overlay-gradient":""}},"footnotes":""},"uagb_featured_image_src":{"full":false,"thumbnail":false,"medium":false,"medium_large":false,"large":false,"1536x1536":false,"2048x2048":false},"uagb_author_info":{"display_name":"oloapp.site","author_link":"https:\/\/oloapp.site\/author\/oloapp-site\/"},"uagb_comment_info":0,"uagb_excerpt":null,"_links":{"self":[{"href":"https:\/\/oloapp.site\/index.php\/wp-json\/wp\/v2\/pages\/330"}],"collection":[{"href":"https:\/\/oloapp.site\/index.php\/wp-json\/wp\/v2\/pages"}],"about":[{"href":"https:\/\/oloapp.site\/index.php\/wp-json\/wp\/v2\/types\/page"}],"author":[{"embeddable":true,"href":"https:\/\/oloapp.site\/index.php\/wp-json\/wp\/v2\/users\/1"}],"replies":[{"embeddable":true,"href":"https:\/\/oloapp.site\/index.php\/wp-json\/wp\/v2\/comments?post=330"}],"version-history":[{"count":1,"href":"https:\/\/oloapp.site\/index.php\/wp-json\/wp\/v2\/pages\/330\/revisions"}],"predecessor-version":[{"id":332,"href":"https:\/\/oloapp.site\/index.php\/wp-json\/wp\/v2\/pages\/330\/revisions\/332"}],"wp:attachment":[{"href":"https:\/\/oloapp.site\/index.php\/wp-json\/wp\/v2\/media?parent=330"}],"curies":[{"name":"wp","href":"https:\/\/api.w.org\/{rel}","templated":true}]}}