{"id":93,"date":"2024-03-21T14:54:59","date_gmt":"2024-03-21T17:54:59","guid":{"rendered":"https:\/\/oloapp.site\/?page_id=93"},"modified":"2024-09-23T09:05:32","modified_gmt":"2024-09-23T12:05:32","slug":"servicios","status":"publish","type":"page","link":"https:\/\/oloapp.site\/index.php\/servicios\/","title":{"rendered":"Servicios"},"content":{"rendered":"\n<div class=\"wp-block-uagb-container uagb-block-esutmi23 alignfull uagb-is-root-container\"><div class=\"uagb-container-inner-blocks-wrap\">\n<div class=\"wp-block-uagb-container uagb-block-ytqrrt8x\">\n<div class=\"wp-block-uagb-info-box uagb-block-ea4isbji uagb-infobox__content-wrap  uagb-infobox-icon-above-title uagb-infobox-image-valign-top\"><div class=\"uagb-ifb-content\"><div class=\"uagb-ifb-title-wrap\"><h1 class=\"uagb-ifb-title\"><strong>Beneficios para tu Negocio<\/strong><br><\/h1><\/div><\/div><\/div>\n<\/div>\n\n\n\n<div class=\"wp-block-uagb-container uagb-block-sgpocuz0\">\n<div class=\"wp-block-uagb-info-box uagb-block-sx8ghof2 uagb-infobox__content-wrap  uagb-infobox-icon-above-title uagb-infobox-image-valign-top\"><div class=\"uagb-ifb-content\"><div class=\"uagb-ifb-title-wrap\"><\/div><p class=\"uagb-ifb-desc\"><strong>Aumento de la Productividad:<\/strong> Al eliminar tareas manuales y simplificar procesos, nuestros servicios aumentan la productividad de tu equipo y te permite lograr m\u00e1s en menos tiempo.<br><strong>Reducci\u00f3n de Costos:<\/strong> Al optimizar operaciones y eliminar el desperdicio, nuestros servicios te ayudar\u00e1n a reducir costos y maximizar tus ganancias.<br><strong>Mejora de la Experiencia del Cliente:<\/strong> Al ofrecer un servicio m\u00e1s eficiente y de mayor calidad, nuestros servicios contribuyen a mejorar la experiencia del cliente y fortalecer la lealtad hacia tu marca.<\/p><\/div><\/div>\n<\/div>\n<\/div><\/div>\n\n\n\n<figure class=\"wp-block-embed aligncenter is-type-wp-embed is-provider-streamable wp-block-embed-streamable\">\n<iframe class=\"wp-embedded-content\" sandbox=\"allow-scripts\" security=\"restricted\" title=\"OloApp-short-Servicios\" src=\"https:\/\/streamable.com\/o\/hqk3sw#?secret=SmOUjtWADM\" data-secret=\"SmOUjtWADM\" frameborder=\"0\" scrolling=\"no\" width=\"720\" height=\"1280\"><\/iframe>\n<\/figure>\n\n\n\n<div class=\"wp-block-uagb-container uagb-block-eewole4i alignfull uagb-is-root-container\"><div class=\"uagb-container-inner-blocks-wrap\">\n<div class=\"wp-block-uagb-info-box uagb-block-7umjtkj4 uagb-infobox__content-wrap  uagb-infobox-icon-above-title uagb-infobox-image-valign-top\"><div class=\"uagb-ifb-content\"><div class=\"uagb-ifb-title-wrap\"><h2 class=\"uagb-ifb-title\">Cat\u00e1logo de Servicios<\/h2><\/div><p class=\"uagb-ifb-desc\">Nuestros servicios abarcan todo el ciclo de vida del desarrollo de software, desde la concepci\u00f3n y el dise\u00f1o hasta la implementaci\u00f3n y el mantenimiento. Ya sea que necesites una aplicaci\u00f3n m\u00f3vil, un sistema de gesti\u00f3n empresarial o una soluci\u00f3n personalizada, estamos aqu\u00ed para convertir tus ideas en realidad.<\/p><\/div><\/div>\n\n\n\n<div class=\"wp-block-uagb-container uagb-block-qggl5tmg\">\n<div class=\"wp-block-uagb-container uagb-block-ocsm6alx\">\n<div class=\"wp-block-uagb-container uagb-block-ruiw33ac\">\n<div class=\"wp-block-uagb-image alignleft uagb-block-pbw2ommx wp-block-uagb-image--layout-default wp-block-uagb-image--effect-static wp-block-uagb-image--align-left\"><figure class=\"wp-block-uagb-image__figure\"><img decoding=\"async\" srcset=\"https:\/\/oloapp.site\/wp-content\/uploads\/2024\/03\/pexels-fauxels-3182773-1024x683.jpg ,https:\/\/oloapp.site\/wp-content\/uploads\/2024\/03\/pexels-fauxels-3182773-scaled.jpg 780w, https:\/\/oloapp.site\/wp-content\/uploads\/2024\/03\/pexels-fauxels-3182773-scaled.jpg 360w\" sizes=\"(max-width: 480px) 150px\" src=\"https:\/\/oloapp.site\/wp-content\/uploads\/2024\/03\/pexels-fauxels-3182773-1024x683.jpg\" alt=\"\" class=\"uag-image-152\" width=\"600\" height=\"450\" title=\"pexels-fauxels-3182773\" loading=\"lazy\" role=\"img\"\/><\/figure><\/div>\n<\/div>\n\n\n\n<div class=\"wp-block-uagb-container uagb-block-h724jijq\">\n<div class=\"wp-block-uagb-info-box uagb-block-ktoqkwse uagb-infobox__content-wrap  uagb-infobox-icon-above-title uagb-infobox-image-valign-top\"><div class=\"uagb-ifb-content\"><div class=\"uagb-ifb-title-wrap\"><h6 class=\"uagb-ifb-title-prefix\">01<\/h6><h4 class=\"uagb-ifb-title\">Desarrollo de software a medida<\/h4><\/div><p class=\"uagb-ifb-desc\">El desarrollo de software a medida implica crear programas y aplicaciones espec\u00edficamente dise\u00f1ados para satisfacer las necesidades \u00fanicas de un cliente o una organizaci\u00f3n. Este proceso implica el an\u00e1lisis de requisitos, el dise\u00f1o, la programaci\u00f3n, la prueba y la implementaci\u00f3n de soluciones personalizadas que pueden abordar problemas espec\u00edficos o mejorar procesos existentes.<\/p><\/div><\/div>\n\n\n\n<div class=\"wp-block-uagb-buttons uagb-buttons__outer-wrap uagb-btn__default-btn uagb-btn-tablet__default-btn uagb-btn-mobile__default-btn uagb-block-x0vfxbdt\"><div class=\"uagb-buttons__wrap uagb-buttons-layout-wrap\">\n<div class=\"wp-block-uagb-buttons-child uagb-buttons__outer-wrap uagb-block-xywerujj wp-block-button\"><div class=\"uagb-button__wrapper\"><a class=\"uagb-buttons-repeater wp-block-button__link\" aria-label=\"\" href=\"https:\/\/wa.link\/631s5p\" rel=\"follow noopener\" target=\"_self\"><div class=\"uagb-button__link\">Contacto Whats-App<\/div><span class=\"uagb-button__icon uagb-button__icon-position-after\"><svg xmlns=\"https:\/\/www.w3.org\/2000\/svg\" viewBox=\"0 0 320 512\" aria-hidden=\"true\" focussable=\"false\"><path d=\"M96 480c-8.188 0-16.38-3.125-22.62-9.375c-12.5-12.5-12.5-32.75 0-45.25L242.8 256L73.38 86.63c-12.5-12.5-12.5-32.75 0-45.25s32.75-12.5 45.25 0l192 192c12.5 12.5 12.5 32.75 0 45.25l-192 192C112.4 476.9 104.2 480 96 480z\"><\/path><\/svg><\/span><\/a><\/div><\/div>\n<\/div><\/div>\n<\/div>\n<\/div>\n\n\n\n<div class=\"wp-block-uagb-container uagb-block-erkpsecc\">\n<div class=\"wp-block-uagb-container uagb-block-yrao2wzt\">\n<div class=\"wp-block-uagb-info-box uagb-block-au16epgv uagb-infobox__content-wrap  uagb-infobox-icon-above-title uagb-infobox-image-valign-top\"><div class=\"uagb-ifb-content\"><div class=\"uagb-ifb-title-wrap\"><h6 class=\"uagb-ifb-title-prefix\">02<\/h6><h4 class=\"uagb-ifb-title\">Desarrollo de Aplicaciones m\u00f3viles (iOS y Android)<\/h4><\/div><p class=\"uagb-ifb-desc\">Una aplicaci\u00f3n m\u00f3vil empresarial es la clave para llevar tu negocio al siguiente nivel. Con ella, puedes optimizar procesos internos, mejorar la eficiencia y la productividad de tu equipo, y ofrecer una experiencia m\u00e1s conveniente y personalizada a tus clientes. Desde la gesti\u00f3n de inventario hasta la atenci\u00f3n al cliente, una app m\u00f3vil te permite tener el control en la palma de tu mano, est\u00e9s donde est\u00e9s. \u00a1No pierdas la oportunidad de modernizar tu empresa y destacar en un mercado competitivo con una aplicaci\u00f3n m\u00f3vil empresarial!<\/p><\/div><\/div>\n\n\n\n<div class=\"wp-block-uagb-buttons uagb-buttons__outer-wrap uagb-btn__default-btn uagb-btn-tablet__default-btn uagb-btn-mobile__default-btn uagb-block-exyhuubx\"><div class=\"uagb-buttons__wrap uagb-buttons-layout-wrap\">\n<div class=\"wp-block-uagb-buttons-child uagb-buttons__outer-wrap uagb-block-bd6y7inl wp-block-button\"><div class=\"uagb-button__wrapper\"><a class=\"uagb-buttons-repeater wp-block-button__link\" aria-label=\"\" href=\"https:\/\/wa.link\/631s5p\" rel=\"follow noopener\" target=\"_self\"><div class=\"uagb-button__link\">Contacto Whats-App<\/div><span class=\"uagb-button__icon uagb-button__icon-position-after\"><svg xmlns=\"https:\/\/www.w3.org\/2000\/svg\" viewBox=\"0 0 320 512\" aria-hidden=\"true\" focussable=\"false\"><path d=\"M96 480c-8.188 0-16.38-3.125-22.62-9.375c-12.5-12.5-12.5-32.75 0-45.25L242.8 256L73.38 86.63c-12.5-12.5-12.5-32.75 0-45.25s32.75-12.5 45.25 0l192 192c12.5 12.5 12.5 32.75 0 45.25l-192 192C112.4 476.9 104.2 480 96 480z\"><\/path><\/svg><\/span><\/a><\/div><\/div>\n<\/div><\/div>\n<\/div>\n\n\n\n<div class=\"wp-block-uagb-container uagb-block-wsjcwg3x\">\n<div class=\"wp-block-uagb-image alignleft uagb-block-aqf7whi8 wp-block-uagb-image--layout-default wp-block-uagb-image--effect-static wp-block-uagb-image--align-left\"><figure class=\"wp-block-uagb-image__figure\"><img decoding=\"async\" srcset=\"https:\/\/oloapp.site\/wp-content\/uploads\/2024\/03\/celular.png ,https:\/\/oloapp.site\/wp-content\/uploads\/2024\/03\/celular.png 780w, https:\/\/oloapp.site\/wp-content\/uploads\/2024\/03\/celular.png 360w\" sizes=\"(max-width: 480px) 150px\" src=\"https:\/\/oloapp.site\/wp-content\/uploads\/2024\/03\/celular.png\" alt=\"\" class=\"uag-image-11\" width=\"600\" height=\"450\" title=\"celular\" loading=\"lazy\" role=\"img\"\/><\/figure><\/div>\n<\/div>\n<\/div>\n\n\n\n<div class=\"wp-block-uagb-container uagb-block-bfzggffp\">\n<div class=\"wp-block-uagb-container uagb-block-o0jzprzn\">\n<div class=\"wp-block-uagb-image aligncenter uagb-block-r2qt1n0v wp-block-uagb-image--layout-default wp-block-uagb-image--effect-static wp-block-uagb-image--align-center alignleft\"><figure class=\"wp-block-uagb-image__figure\"><img decoding=\"async\" srcset=\"https:\/\/oloapp.site\/wp-content\/uploads\/2024\/03\/pexels-monoar-rahman-109371-1024x551.jpg ,https:\/\/oloapp.site\/wp-content\/uploads\/2024\/03\/pexels-monoar-rahman-109371-scaled.jpg 780w, https:\/\/oloapp.site\/wp-content\/uploads\/2024\/03\/pexels-monoar-rahman-109371-scaled.jpg 360w\" sizes=\"(max-width: 480px) 150px\" src=\"https:\/\/oloapp.site\/wp-content\/uploads\/2024\/03\/pexels-monoar-rahman-109371-1024x551.jpg\" alt=\"\" class=\"uag-image-154\" width=\"600\" height=\"450\" title=\"pexels-monoar-rahman-109371\" loading=\"lazy\" role=\"img\"\/><\/figure><\/div>\n<\/div>\n\n\n\n<div class=\"wp-block-uagb-container uagb-block-hal7uwks\">\n<div class=\"wp-block-uagb-info-box uagb-block-g8nw3sot uagb-infobox__content-wrap  uagb-infobox-icon-above-title uagb-infobox-image-valign-top\"><div class=\"uagb-ifb-content\"><div class=\"uagb-ifb-title-wrap\"><h6 class=\"uagb-ifb-title-prefix\">03<\/h6><h4 class=\"uagb-ifb-title\">Desarrollo web y dise\u00f1o de sitios<\/h4><\/div><p class=\"uagb-ifb-desc\">Una p\u00e1gina web es la puerta de entrada digital a tu empresa. Con ella, puedes llegar a una audiencia global las 24 horas del d\u00eda, los 7 d\u00edas de la semana. Es tu carta de presentaci\u00f3n en el mundo virtual, mostrando tus productos, servicios y valores. Adem\u00e1s, mejora tu credibilidad, facilita la comunicaci\u00f3n con los clientes y te permite expandir tu alcance de manera efectiva. \u00a1No subestimes el poder de tener una presencia en l\u00ednea!<\/p><\/div><\/div>\n\n\n\n<div class=\"wp-block-uagb-buttons uagb-buttons__outer-wrap uagb-btn__default-btn uagb-btn-tablet__default-btn uagb-btn-mobile__default-btn uagb-block-skgx4spq\"><div class=\"uagb-buttons__wrap uagb-buttons-layout-wrap\">\n<div class=\"wp-block-uagb-buttons-child uagb-buttons__outer-wrap uagb-block-nxe2gabq wp-block-button\"><div class=\"uagb-button__wrapper\"><a class=\"uagb-buttons-repeater wp-block-button__link\" aria-label=\"\" href=\"https:\/\/wa.link\/631s5p\" rel=\"follow noopener\" target=\"_self\"><div class=\"uagb-button__link\">Contacto Whats-App<\/div><span class=\"uagb-button__icon uagb-button__icon-position-after\"><svg xmlns=\"https:\/\/www.w3.org\/2000\/svg\" viewBox=\"0 0 320 512\" aria-hidden=\"true\" focussable=\"false\"><path d=\"M96 480c-8.188 0-16.38-3.125-22.62-9.375c-12.5-12.5-12.5-32.75 0-45.25L242.8 256L73.38 86.63c-12.5-12.5-12.5-32.75 0-45.25s32.75-12.5 45.25 0l192 192c12.5 12.5 12.5 32.75 0 45.25l-192 192C112.4 476.9 104.2 480 96 480z\"><\/path><\/svg><\/span><\/a><\/div><\/div>\n<\/div><\/div>\n<\/div>\n<\/div>\n\n\n\n<div class=\"wp-block-uagb-container uagb-block-naezi4q4\">\n<div class=\"wp-block-uagb-container uagb-block-slkwszsw\">\n<div class=\"wp-block-uagb-info-box uagb-block-bq7cow6a uagb-infobox__content-wrap  uagb-infobox-icon-above-title uagb-infobox-image-valign-top\"><div class=\"uagb-ifb-content\"><div class=\"uagb-ifb-title-wrap\"><h6 class=\"uagb-ifb-title-prefix\">04<\/h6><h4 class=\"uagb-ifb-title\">Automatizaciones de Procesos<\/h4><\/div><p class=\"uagb-ifb-desc\">Automatizar procesos es la clave para liberar tiempo y recursos valiosos en tu empresa. Con sistemas automatizados, puedes reducir errores, aumentar la eficiencia y mejorar la precisi\u00f3n en cada paso del camino. Desde tareas simples hasta flujos de trabajo complejos, la automatizaci\u00f3n te permite enfocarte en lo que realmente importa: hacer crecer tu negocio. \u00a1Optimiza tus operaciones y desbloquea todo el potencial de tu empresa con la automatizaci\u00f3n de procesos!<\/p><\/div><\/div>\n\n\n\n<div class=\"wp-block-uagb-buttons uagb-buttons__outer-wrap uagb-btn__default-btn uagb-btn-tablet__default-btn uagb-btn-mobile__default-btn uagb-block-ijyse4g0\"><div class=\"uagb-buttons__wrap uagb-buttons-layout-wrap\">\n<div class=\"wp-block-uagb-buttons-child uagb-buttons__outer-wrap uagb-block-fmqhoxwo wp-block-button\"><div class=\"uagb-button__wrapper\"><a class=\"uagb-buttons-repeater wp-block-button__link\" aria-label=\"\" href=\"https:\/\/wa.link\/631s5p\" rel=\"follow noopener\" target=\"_self\"><div class=\"uagb-button__link\">Contacto Whats-App<\/div><span class=\"uagb-button__icon uagb-button__icon-position-after\"><svg xmlns=\"https:\/\/www.w3.org\/2000\/svg\" viewBox=\"0 0 320 512\" aria-hidden=\"true\" focussable=\"false\"><path d=\"M96 480c-8.188 0-16.38-3.125-22.62-9.375c-12.5-12.5-12.5-32.75 0-45.25L242.8 256L73.38 86.63c-12.5-12.5-12.5-32.75 0-45.25s32.75-12.5 45.25 0l192 192c12.5 12.5 12.5 32.75 0 45.25l-192 192C112.4 476.9 104.2 480 96 480z\"><\/path><\/svg><\/span><\/a><\/div><\/div>\n<\/div><\/div>\n<\/div>\n\n\n\n<div class=\"wp-block-uagb-container uagb-block-iold3nqw\">\n<div class=\"wp-block-uagb-image alignleft uagb-block-qqqnwqse wp-block-uagb-image--layout-overlay wp-block-uagb-image--effect-static wp-block-uagb-image--align-left\"><figure class=\"wp-block-uagb-image__figure\"><img decoding=\"async\" srcset=\"https:\/\/oloapp.site\/wp-content\/uploads\/2024\/03\/Simple_Robot_-_Personal_Assistant_-_Chatbot_-_With_Copyspace-1024x589.jpg ,https:\/\/oloapp.site\/wp-content\/uploads\/2024\/03\/Simple_Robot_-_Personal_Assistant_-_Chatbot_-_With_Copyspace-scaled.jpg 780w, https:\/\/oloapp.site\/wp-content\/uploads\/2024\/03\/Simple_Robot_-_Personal_Assistant_-_Chatbot_-_With_Copyspace-scaled.jpg 360w\" sizes=\"(max-width: 480px) 150px\" src=\"https:\/\/oloapp.site\/wp-content\/uploads\/2024\/03\/Simple_Robot_-_Personal_Assistant_-_Chatbot_-_With_Copyspace-1024x589.jpg\" alt=\"\" class=\"uag-image-110\" width=\"600\" height=\"450\" title=\"\" loading=\"lazy\" role=\"presentation\"\/><div class=\"wp-block-uagb-image--layout-overlay__color-wrapper\"><\/div><div class=\"wp-block-uagb-image--layout-overlay__inner center-right\"><h2 class=\"uagb-image-heading\">Asistentes Virtuales<\/h2><\/div><\/figure><\/div>\n<\/div>\n<\/div>\n\n\n\n<div class=\"wp-block-uagb-container uagb-block-93e5a2fb\">\n<div class=\"wp-block-uagb-container uagb-block-5d93ee89\">\n<div class=\"wp-block-uagb-image alignleft uagb-block-147076b7 wp-block-uagb-image--layout-default wp-block-uagb-image--effect-static wp-block-uagb-image--align-left\"><figure class=\"wp-block-uagb-image__figure\"><img decoding=\"async\" srcset=\"https:\/\/oloapp.site\/wp-content\/uploads\/2024\/03\/publicidad.png ,https:\/\/oloapp.site\/wp-content\/uploads\/2024\/03\/publicidad.png 780w, https:\/\/oloapp.site\/wp-content\/uploads\/2024\/03\/publicidad.png 360w\" sizes=\"(max-width: 480px) 150px\" src=\"https:\/\/oloapp.site\/wp-content\/uploads\/2024\/03\/publicidad.png\" alt=\"\" class=\"uag-image-22\" width=\"600\" height=\"450\" title=\"publicidad\" loading=\"lazy\" role=\"img\"\/><\/figure><\/div>\n<\/div>\n\n\n\n<div class=\"wp-block-uagb-container uagb-block-8ecbd404\">\n<div class=\"wp-block-uagb-info-box uagb-block-67adc391 uagb-infobox__content-wrap  uagb-infobox-icon-above-title uagb-infobox-image-valign-top\"><div class=\"uagb-ifb-content\"><div class=\"uagb-ifb-title-wrap\"><h6 class=\"uagb-ifb-title-prefix\">05<\/h6><h4 class=\"uagb-ifb-title\">Consultor\u00eda y estrategia tecnol\u00f3gica<\/h4><\/div><p class=\"uagb-ifb-desc\">Una consultor\u00eda y estrategia tecnol\u00f3gica s\u00f3lida es la br\u00fajula que gu\u00eda a tu empresa hacia el \u00e9xito digital. Con un enfoque experto, podemos identificar las mejores soluciones tecnol\u00f3gicas para tus necesidades espec\u00edficas, optimizando tus recursos y maximizando tu retorno de inversi\u00f3n. Desde la implementaci\u00f3n de nuevas tecnolog\u00edas hasta la mejora de procesos existentes, nuestra consultor\u00eda te ayudar\u00e1 a mantener tu empresa a la vanguardia en un mundo digital en constante evoluci\u00f3n. \u00a1Construyamos juntos el camino hacia el futuro de tu empresa!<\/p><\/div><\/div>\n\n\n\n<div class=\"wp-block-uagb-buttons uagb-buttons__outer-wrap uagb-btn__default-btn uagb-btn-tablet__default-btn uagb-btn-mobile__default-btn uagb-block-79b19755\"><div class=\"uagb-buttons__wrap uagb-buttons-layout-wrap\">\n<div class=\"wp-block-uagb-buttons-child uagb-buttons__outer-wrap uagb-block-2aa8247c wp-block-button\"><div class=\"uagb-button__wrapper\"><a class=\"uagb-buttons-repeater wp-block-button__link\" aria-label=\"\" href=\"https:\/\/wa.link\/631s5p\" rel=\"follow noopener\" target=\"_self\"><div class=\"uagb-button__link\">Contacto Whats-App<\/div><span class=\"uagb-button__icon uagb-button__icon-position-after\"><svg xmlns=\"https:\/\/www.w3.org\/2000\/svg\" viewBox=\"0 0 320 512\" aria-hidden=\"true\" focussable=\"false\"><path d=\"M96 480c-8.188 0-16.38-3.125-22.62-9.375c-12.5-12.5-12.5-32.75 0-45.25L242.8 256L73.38 86.63c-12.5-12.5-12.5-32.75 0-45.25s32.75-12.5 45.25 0l192 192c12.5 12.5 12.5 32.75 0 45.25l-192 192C112.4 476.9 104.2 480 96 480z\"><\/path><\/svg><\/span><\/a><\/div><\/div>\n<\/div><\/div>\n<\/div>\n<\/div>\n<\/div>\n<\/div><\/div>\n\n\n\n<div class=\"wp-block-uagb-container uagb-block-e5b5rdeu alignfull uagb-is-root-container\"><div class=\"uagb-container-inner-blocks-wrap\">\n<figure class=\"wp-block-image size-full is-resized is-style-default\"><img loading=\"lazy\" decoding=\"async\" width=\"880\" height=\"370\" src=\"https:\/\/oloapp.site\/wp-content\/uploads\/2024\/03\/cropped-logo.png\" alt=\"\" class=\"wp-image-80\" style=\"width:768px;height:auto\" srcset=\"https:\/\/oloapp.site\/wp-content\/uploads\/2024\/03\/cropped-logo.png 880w, https:\/\/oloapp.site\/wp-content\/uploads\/2024\/03\/cropped-logo-300x126.png 300w, https:\/\/oloapp.site\/wp-content\/uploads\/2024\/03\/cropped-logo-768x323.png 768w, https:\/\/oloapp.site\/wp-content\/uploads\/2024\/03\/cropped-logo-250x105.png 250w\" sizes=\"(max-width: 880px) 100vw, 880px\" \/><\/figure>\n\n\n\n<div class=\"wp-block-uagb-info-box uagb-block-d10qa2mk uagb-infobox__content-wrap  uagb-infobox-icon-above-title uagb-infobox-image-valign-top\"><div class=\"uagb-ifb-content\"><div class=\"uagb-ifb-title-wrap\"><h2 class=\"uagb-ifb-title\">Cont\u00e1ctate con nosotros<\/h2><\/div><\/div><\/div>\n\n\n\n<div class=\"wp-block-uagb-buttons uagb-buttons__outer-wrap uagb-btn__default-btn uagb-btn-tablet__default-btn uagb-btn-mobile__default-btn uagb-block-qzcqiwzl\"><div class=\"uagb-buttons__wrap uagb-buttons-layout-wrap\">\n<div class=\"wp-block-uagb-buttons-child uagb-buttons__outer-wrap uagb-block-qczfamxh wp-block-button\"><div class=\"uagb-button__wrapper\"><a class=\"uagb-buttons-repeater wp-block-button__link\" aria-label=\"\" href=\"https:\/\/oloapp.site\/index.php\/contacto\/\" rel=\"follow noopener\" target=\"_self\"><div class=\"uagb-button__link\">Contacto<\/div><\/a><\/div><\/div>\n<\/div><\/div>\n<\/div><\/div>\n","protected":false},"excerpt":{"rendered":"","protected":false},"author":1,"featured_media":0,"parent":0,"menu_order":0,"comment_status":"closed","ping_status":"closed","template":"","meta":{"_uag_custom_page_level_css":"","site-sidebar-layout":"default","site-content-layout":"","ast-site-content-layout":"","site-content-style":"default","site-sidebar-style":"default","ast-global-header-display":"","ast-banner-title-visibility":"","ast-main-header-display":"","ast-hfb-above-header-display":"","ast-hfb-below-header-display":"","ast-hfb-mobile-header-display":"","site-post-title":"disabled","ast-breadcrumbs-content":"","ast-featured-img":"","footer-sml-layout":"","theme-transparent-header-meta":"","adv-header-id-meta":"","stick-header-meta":"","header-above-stick-meta":"","header-main-stick-meta":"","header-below-stick-meta":"","astra-migrate-meta-layouts":"default","ast-page-background-enabled":"default","ast-page-background-meta":{"desktop":{"background-color":"var(--ast-global-color-4)","background-image":"","background-repeat":"repeat","background-position":"center center","background-size":"auto","background-attachment":"scroll","background-type":"","background-media":"","overlay-type":"","overlay-color":"","overlay-gradient":""},"tablet":{"background-color":"","background-image":"","background-repeat":"repeat","background-position":"center center","background-size":"auto","background-attachment":"scroll","background-type":"","background-media":"","overlay-type":"","overlay-color":"","overlay-gradient":""},"mobile":{"background-color":"","background-image":"","background-repeat":"repeat","background-position":"center center","background-size":"auto","background-attachment":"scroll","background-type":"","background-media":"","overlay-type":"","overlay-color":"","overlay-gradient":""}},"ast-content-background-meta":{"desktop":{"background-color":"var(--ast-global-color-5)","background-image":"","background-repeat":"repeat","background-position":"center center","background-size":"auto","background-attachment":"scroll","background-type":"","background-media":"","overlay-type":"","overlay-color":"","overlay-gradient":""},"tablet":{"background-color":"var(--ast-global-color-5)","background-image":"","background-repeat":"repeat","background-position":"center center","background-size":"auto","background-attachment":"scroll","background-type":"","background-media":"","overlay-type":"","overlay-color":"","overlay-gradient":""},"mobile":{"background-color":"var(--ast-global-color-5)","background-image":"","background-repeat":"repeat","background-position":"center center","background-size":"auto","background-attachment":"scroll","background-type":"","background-media":"","overlay-type":"","overlay-color":"","overlay-gradient":""}},"footnotes":""},"uagb_featured_image_src":{"full":false,"thumbnail":false,"medium":false,"medium_large":false,"large":false,"1536x1536":false,"2048x2048":false},"uagb_author_info":{"display_name":"oloapp.site","author_link":"https:\/\/oloapp.site\/author\/oloapp-site\/"},"uagb_comment_info":0,"uagb_excerpt":null,"_links":{"self":[{"href":"https:\/\/oloapp.site\/index.php\/wp-json\/wp\/v2\/pages\/93"}],"collection":[{"href":"https:\/\/oloapp.site\/index.php\/wp-json\/wp\/v2\/pages"}],"about":[{"href":"https:\/\/oloapp.site\/index.php\/wp-json\/wp\/v2\/types\/page"}],"author":[{"embeddable":true,"href":"https:\/\/oloapp.site\/index.php\/wp-json\/wp\/v2\/users\/1"}],"replies":[{"embeddable":true,"href":"https:\/\/oloapp.site\/index.php\/wp-json\/wp\/v2\/comments?post=93"}],"version-history":[{"count":17,"href":"https:\/\/oloapp.site\/index.php\/wp-json\/wp\/v2\/pages\/93\/revisions"}],"predecessor-version":[{"id":329,"href":"https:\/\/oloapp.site\/index.php\/wp-json\/wp\/v2\/pages\/93\/revisions\/329"}],"wp:attachment":[{"href":"https:\/\/oloapp.site\/index.php\/wp-json\/wp\/v2\/media?parent=93"}],"curies":[{"name":"wp","href":"https:\/\/api.w.org\/{rel}","templated":true}]}}